{"id":23,"date":"2017-04-01T19:56:55","date_gmt":"2017-04-01T19:56:55","guid":{"rendered":"http:\/\/langolino-berlin.de\/?page_id=23"},"modified":"2019-10-22T21:46:04","modified_gmt":"2019-10-22T21:46:04","slug":"ueber-uns","status":"publish","type":"page","link":"https:\/\/langolino-berlin.de\/it\/ueber-uns\/","title":{"rendered":"Noi"},"content":{"rendered":"<p>L&#8217;Angolino \u00e8 stato fondato da genitori italo-tedeschi nel 1996 come &#8220;Sch\u00fclerladen&#8221;. Nel 2006 \u00e8 stato ristrutturato come asilo d&#8217;infanzia per 30 bambini da due a sei anni e cos\u00ec esiste a tutt&#8217;oggi.<\/p>\n\n\n<p><\/p>","protected":false},"excerpt":{"rendered":"<p>L&#8217;Angolino \u00e8 stato fondato da genitori italo-tedeschi nel 1996 come &#8220;Sch\u00fclerladen&#8221;. Nel 2006 \u00e8 stato ristrutturato come asilo d&#8217;infanzia per 30 bambini da due a sei anni e cos\u00ec esiste a tutt&#8217;oggi.<\/p>\n <a class=\"more-link\" href=\"https:\/\/langolino-berlin.de\/it\/ueber-uns\/\"><span class=\"more-msg\">Continua a leggere &rarr;<\/span><\/a>","protected":false},"author":1,"featured_media":0,"parent":0,"menu_order":0,"comment_status":"closed","ping_status":"closed","template":"","meta":[],"_links":{"self":[{"href":"https:\/\/langolino-berlin.de\/it\/wp-json\/wp\/v2\/pages\/23"}],"collection":[{"href":"https:\/\/langolino-berlin.de\/it\/wp-json\/wp\/v2\/pages"}],"about":[{"href":"https:\/\/langolino-berlin.de\/it\/wp-json\/wp\/v2\/types\/page"}],"author":[{"embeddable":true,"href":"https:\/\/langolino-berlin.de\/it\/wp-json\/wp\/v2\/users\/1"}],"replies":[{"embeddable":true,"href":"https:\/\/langolino-berlin.de\/it\/wp-json\/wp\/v2\/comments?post=23"}],"version-history":[{"count":0,"href":"https:\/\/langolino-berlin.de\/it\/wp-json\/wp\/v2\/pages\/23\/revisions"}],"wp:attachment":[{"href":"https:\/\/langolino-berlin.de\/it\/wp-json\/wp\/v2\/media?parent=23"}],"curies":[{"name":"wp","href":"https:\/\/api.w.org\/{rel}","templated":true}]}}