{"id":29,"date":"2017-04-01T20:01:13","date_gmt":"2017-04-01T20:01:13","guid":{"rendered":"http:\/\/langolino-berlin.de\/?page_id=29"},"modified":"2023-05-12T10:41:33","modified_gmt":"2023-05-12T10:41:33","slug":"unsere-erzieherinnen","status":"publish","type":"page","link":"https:\/\/langolino-berlin.de\/it\/unsere-erzieherinnen\/","title":{"rendered":"Le nostre educatrici"},"content":{"rendered":"<p>Il nostro team \u00e8 composto da nove educatori che con entusiasmo e motivazione portano una pluralit\u00e0 di competenze e interessi al gruppo. Alcuni di loro fanno parte della realt\u00e0 dell&#8217;angolino da tempo e garantiscono stabilit\u00e0 e continuit\u00e0 alla relazione educativa con le famiglie, una parte \u00e8 composta invece da nuovi volti che hanno deciso di salire a bordo portando nuovi stimoli e freschezza.<\/p>\n<p>La diversit\u00e0 del nostro team caratterizza anche l&#8217;et\u00e0 e la provenienza degli educatori, che portano come lingua madre il tedesco o l&#8217;italiano.<\/p>\n<p>L&#8217;incontro delle diverse conoscenze e abilit\u00e0 di ognuno permette di elaborare un&#8217;offerta educativa completa e integrata a partire dalla quotidianit\u00e0 con i bambini. Il team conta una pedagogista dello sport, una pedagogista del nido d&#8217;infanzia, un&#8217;educatrice in formazione, un musicista, una grafica, un&#8217;insegnante di scuola dell&#8217;infanzia e primaria, una pedagogista della prima infanzia e dello sviluppo linguistico.<\/p>\n<p>Il lavoro educativo prevede un continuo aggiornamento delle proprie competenze, per questo motivo vengono regolarmente proposti percorsi di aggiornamento professionale con l&#8217;obiettivo di arricchire le competenze di tutto il team .<\/p>\n<p>Gli educatori e le educatrici dell&#8217;angolino si incontrano una volta alla settimana per organizzare e progettare le attivit\u00e0 educative e per confrontarsi su temi pedagogici emersi dalle osservazioni di ognuno. Nel corso dell&#8217;anno vengono organizzati dei &#8220;Team-Tage&#8221;, momenti dedicati alla riflessione critica e al confronto costruttivo sul lavoro pedagogico. Il team \u00e8 inoltre coinvolto in un percorso di supervisione con un mediatore esterno.<\/p>","protected":false},"excerpt":{"rendered":"<p>Il nostro team \u00e8 composto da nove educatori che con entusiasmo e motivazione portano una pluralit\u00e0 di competenze e interessi al gruppo. Alcuni di loro fanno parte della realt\u00e0 dell&#8217;angolino da tempo e garantiscono stabilit\u00e0 e continuit\u00e0 alla relazione educativa <span class=\"excerpt-dots\">&hellip;<\/span> <a class=\"more-link\" href=\"https:\/\/langolino-berlin.de\/it\/unsere-erzieherinnen\/\"><span class=\"more-msg\">Continua a leggere &rarr;<\/span><\/a><\/p>\n","protected":false},"author":2,"featured_media":0,"parent":0,"menu_order":0,"comment_status":"closed","ping_status":"closed","template":"","meta":[],"_links":{"self":[{"href":"https:\/\/langolino-berlin.de\/it\/wp-json\/wp\/v2\/pages\/29"}],"collection":[{"href":"https:\/\/langolino-berlin.de\/it\/wp-json\/wp\/v2\/pages"}],"about":[{"href":"https:\/\/langolino-berlin.de\/it\/wp-json\/wp\/v2\/types\/page"}],"author":[{"embeddable":true,"href":"https:\/\/langolino-berlin.de\/it\/wp-json\/wp\/v2\/users\/2"}],"replies":[{"embeddable":true,"href":"https:\/\/langolino-berlin.de\/it\/wp-json\/wp\/v2\/comments?post=29"}],"version-history":[{"count":3,"href":"https:\/\/langolino-berlin.de\/it\/wp-json\/wp\/v2\/pages\/29\/revisions"}],"predecessor-version":[{"id":409,"href":"https:\/\/langolino-berlin.de\/it\/wp-json\/wp\/v2\/pages\/29\/revisions\/409"}],"wp:attachment":[{"href":"https:\/\/langolino-berlin.de\/it\/wp-json\/wp\/v2\/media?parent=29"}],"curies":[{"name":"wp","href":"https:\/\/api.w.org\/{rel}","templated":true}]}}