{"id":56,"date":"2017-04-01T20:35:35","date_gmt":"2017-04-01T20:35:35","guid":{"rendered":"http:\/\/langolino-berlin.de\/?page_id=56"},"modified":"2019-10-19T22:38:06","modified_gmt":"2019-10-19T22:38:06","slug":"eingewoehnung","status":"publish","type":"page","link":"https:\/\/langolino-berlin.de\/it\/eingewoehnung\/","title":{"rendered":"Inserimento"},"content":{"rendered":"<p>Affinch\u00e9 l\u2019inserimento riesca \u00e8 necessario uno scambio sincero di informazioni tra educatrci e genitori ed \u00e8 indispensabile che entrambe le parti si attengano agli accordi presi insieme. In questo modo viene garantito al bambino un passaggio graduale e sereno nel nuovo ambiente.<\/p>\n<p>L\u2019ingresso all\u2019asilo rappresenta spesso il primo lungo distacco dalla famiglia.<br \/>\nConsigliamo ai genitori di prendersi il tempo necessario, considerando le esigenze individuali del proprio figlio.<\/p>\n<p>L\u2019inserimento avviene in pi\u00f9 tappe, durante le quali il bambino rimane sempre pi\u00f9 a lungo senza il familiare e acquista sempre pi\u00f9 fiducia nelle educatrici e negli altri bambini. Consideriamo concluso l\u2019inserimento quando il bambino si muove libero e sicuro durante l\u2019assenza dei genitori e si lascia consolare dalle educatrici.<\/p>\n<h2>Il dialogo tra educatrici e genitori<\/h2>\n<p>Diamo molta importanza al dialogo e al reciproco scambio di opinioni in merito all\u2019andamento della mattinata durante l\u2019assenza dei genitori.<\/p>\n<p>Questi momenti di confronto offrono la possibilit\u00e0 ai genitori di esprimere le loro sensazioni e i loro timori. Allo stesso tempo le educatrici possono riferire le loro prime osservazioni, per esempio a quale gioco il bambino ha partecipato volentieri, con chi ha fatto amicizia o come ha reagito in determinate situazioni.<\/p>","protected":false},"excerpt":{"rendered":"<p>Affinch\u00e9 l\u2019inserimento riesca \u00e8 necessario uno scambio sincero di informazioni tra educatrci e genitori ed \u00e8 indispensabile che entrambe le parti si attengano agli accordi presi insieme. In questo modo viene garantito al bambino un passaggio graduale e sereno nel <span class=\"excerpt-dots\">&hellip;<\/span> <a class=\"more-link\" href=\"https:\/\/langolino-berlin.de\/it\/eingewoehnung\/\"><span class=\"more-msg\">Continua a leggere &rarr;<\/span><\/a><\/p>\n","protected":false},"author":1,"featured_media":0,"parent":0,"menu_order":0,"comment_status":"closed","ping_status":"closed","template":"","meta":[],"_links":{"self":[{"href":"https:\/\/langolino-berlin.de\/it\/wp-json\/wp\/v2\/pages\/56"}],"collection":[{"href":"https:\/\/langolino-berlin.de\/it\/wp-json\/wp\/v2\/pages"}],"about":[{"href":"https:\/\/langolino-berlin.de\/it\/wp-json\/wp\/v2\/types\/page"}],"author":[{"embeddable":true,"href":"https:\/\/langolino-berlin.de\/it\/wp-json\/wp\/v2\/users\/1"}],"replies":[{"embeddable":true,"href":"https:\/\/langolino-berlin.de\/it\/wp-json\/wp\/v2\/comments?post=56"}],"version-history":[{"count":0,"href":"https:\/\/langolino-berlin.de\/it\/wp-json\/wp\/v2\/pages\/56\/revisions"}],"wp:attachment":[{"href":"https:\/\/langolino-berlin.de\/it\/wp-json\/wp\/v2\/media?parent=56"}],"curies":[{"name":"wp","href":"https:\/\/api.w.org\/{rel}","templated":true}]}}