{"id":59,"date":"2017-04-01T20:40:54","date_gmt":"2017-04-01T20:40:54","guid":{"rendered":"http:\/\/langolino-berlin.de\/?page_id=59"},"modified":"2024-04-23T16:53:07","modified_gmt":"2024-04-23T16:53:07","slug":"raumkonzept","status":"publish","type":"page","link":"https:\/\/langolino-berlin.de\/it\/raumkonzept\/","title":{"rendered":"Ambienti"},"content":{"rendered":"<p>L&#8217;organizzazione dello spazio nella nostra scuola materna \u00e8 orientata a soddisfare i bisogni dei bambini, a garantire la loro sicurezza e a risvegliare il loro interesse. Al fine di favorire la stimolazione sensoriale le stanze sono state arredate con elementi polifunzionali e colorati, e comprendono spazi aperti, zone attrezzate ma anche angoli di pace, dove il bambino pu\u00f2 trovare riparo da eccessivi stimoli esterni. Il facile accesso a giocattoli e materiali favorisce le attivit\u00e0 di gioco auto-determinato e guidato dall&#8217;interesse proprio del bambino. L&#8217;appartamento (156 m\u00b2) all&#8217;interno del quale \u00e8 stata ricavata la nostra scuola materna si trova al piano terra di un edificio condominiale e, oltre a cucina e bagni, dispone delle seguenti stanze:<\/p>\n<h2>La stanza \u201cFurfanti\u201d e la stanza \u201cBassotti\u201d<\/h2>\n<p>Nella scuola materna ciascuno dei due gruppi di bambini ha la sua stanza di riferimento, con diversi angoli funzionali. Entrambe le stanze dispongono di uno spazio per le costruzioni e di un angolo per il relax. Ci sono inoltre scaffali con giochi e materiali per le attivit\u00e0 creative. Ciascuna di esse per\u00f2 ha una particolarit\u00e0: una stanza viene utilizzata come laboratorio per le attivit\u00e0 manuali, mentre l&#8217;altra, essendo dotata di un piccolo palco, \u00e8 pi\u00f9 adatta per le rappresentazioni teatrali. Questo \u00e8 lo spazio nel quale si svolgono anche le attivit\u00e0 di preparazione alla scuola.<\/p>\n<p>[R-slider id=&#8221;3&#8243;]<\/p>\n<h2>Lo spazio per le attivit\u00e0 di movimento<\/h2>\n<p>In questo spazio si svolgono regolarmente diverse attivit\u00e0 psicomotorie. Ma viene anche utilizzato per il riposino pomeridiano dei bambini, per le attivit\u00e0 di gioco libero e per le feste.<\/p>\n<p>[R-slider id=&#8221;4&#8243;]<\/p>\n<h2>La stanza della quiete<\/h2>\n<p>In questa stanza si trovano un soppalco con coperte e cuscini, e un grande divano. Qui, i bambini possono rilassarsi, ascoltare musica e racconti, guardare libri e inventare giochi di ruolo travestandosi a proprio piacimento.<\/p>\n<p><img loading=\"lazy\" class=\"size-medium wp-image-237 aligncenter\" src=\"http:\/\/langolino-berlin.de\/wp-content\/uploads\/2019\/10\/Kleid-Vestito-214x300.jpeg\" alt=\"\" width=\"214\" height=\"300\" srcset=\"https:\/\/langolino-berlin.de\/wp-content\/uploads\/2019\/10\/Kleid-Vestito-214x300.jpeg 214w, https:\/\/langolino-berlin.de\/wp-content\/uploads\/2019\/10\/Kleid-Vestito.jpeg 285w\" sizes=\"(max-width: 214px) 100vw, 214px\" \/><\/p>","protected":false},"excerpt":{"rendered":"<p>L&#8217;organizzazione dello spazio nella nostra scuola materna \u00e8 orientata a soddisfare i bisogni dei bambini, a garantire la loro sicurezza e a risvegliare il loro interesse. Al fine di favorire la stimolazione sensoriale le stanze sono state arredate con elementi <span class=\"excerpt-dots\">&hellip;<\/span> <a class=\"more-link\" href=\"https:\/\/langolino-berlin.de\/it\/raumkonzept\/\"><span class=\"more-msg\">Continua a leggere &rarr;<\/span><\/a><\/p>\n","protected":false},"author":2,"featured_media":0,"parent":0,"menu_order":0,"comment_status":"closed","ping_status":"closed","template":"","meta":[],"_links":{"self":[{"href":"https:\/\/langolino-berlin.de\/it\/wp-json\/wp\/v2\/pages\/59"}],"collection":[{"href":"https:\/\/langolino-berlin.de\/it\/wp-json\/wp\/v2\/pages"}],"about":[{"href":"https:\/\/langolino-berlin.de\/it\/wp-json\/wp\/v2\/types\/page"}],"author":[{"embeddable":true,"href":"https:\/\/langolino-berlin.de\/it\/wp-json\/wp\/v2\/users\/2"}],"replies":[{"embeddable":true,"href":"https:\/\/langolino-berlin.de\/it\/wp-json\/wp\/v2\/comments?post=59"}],"version-history":[{"count":1,"href":"https:\/\/langolino-berlin.de\/it\/wp-json\/wp\/v2\/pages\/59\/revisions"}],"predecessor-version":[{"id":438,"href":"https:\/\/langolino-berlin.de\/it\/wp-json\/wp\/v2\/pages\/59\/revisions\/438"}],"wp:attachment":[{"href":"https:\/\/langolino-berlin.de\/it\/wp-json\/wp\/v2\/media?parent=59"}],"curies":[{"name":"wp","href":"https:\/\/api.w.org\/{rel}","templated":true}]}}