{"id":72,"date":"2017-04-01T20:54:55","date_gmt":"2017-04-01T20:54:55","guid":{"rendered":"http:\/\/langolino-berlin.de\/?page_id=72"},"modified":"2020-05-02T21:15:41","modified_gmt":"2020-05-02T21:15:41","slug":"spenden-und-sponsoring","status":"publish","type":"page","link":"https:\/\/langolino-berlin.de\/it\/spenden-und-sponsoring\/","title":{"rendered":"Donazioni e sponsor"},"content":{"rendered":"<p>In quanto associazione non lucrativa di utilit\u00e0 sociale la scuola dell\u2019infanzia italo-tedesca L\u2019Angolino dipende dalle entrate delle quote sociali, dal sostegno da parte di sponsor, da offerte e donazioni. Potete sostenere L\u2019Angolino attraversoun\u2019offerta da versare sul nostro conto per le donazioni<\/p>\n<p>IBAN DE37 1002 0500 0003 3812 02<br \/>\nBIC BFSW DE33 BER<br \/>\nBank f\u00fcr Sozialwirtschaft<br \/>\nInhaber: L&#8217;Angolino e.V.<\/p>\n<p>Una donazione &#8211; come investimento per il futuro dei nostri bambini<\/p>\n<h2>Donazioni al posto di regali<\/h2>\n<p>Se siete i titolari di una ditta o azienda e intendete festeggiare un evento importante, per esempio l\u2019anniversario della fondazione o semplicemente mandare gli auguri di Natale ai vostri soci, l\u2019idea \u00e8 quella di effettuare una donazione a favore della scuola dell\u2019infanzia L\u2019Angolino anzich\u00e9 spedire regali o gadget. In questo modo mostrerete impegno sociale a favore dei bambini della nostra citt\u00e0. Forse avrete la possibilit\u00e0 di parlare della nostra iniziativa con i vostri soci, amici e conoscenti. Siamo grati per ogni donazione che arriver\u00e0 per intero ai bambini.<\/p>\n<p>Le donazioni sono detraibili dalla dichiarazione dei redditi<\/p>\n<p>Per donazioni fino a 200 Euro l\u2019estratto conto viene riconosciuto come attestato di donazione. Per donazioni che superano questa cifra vi spediremo automaticamente una ricevuta. In questo caso vi preghiamo di specificare il vostro nome e indirizzo nella transizione bancaria.<\/p>\n<p>Se desiderate riceve ulteriori informazioni e sostenere la nostra iniziativa attraverso una donazione, mandateci una e-mail: info@langolino-berlin.de<\/p>","protected":false},"excerpt":{"rendered":"<p>In quanto associazione non lucrativa di utilit\u00e0 sociale la scuola dell\u2019infanzia italo-tedesca L\u2019Angolino dipende dalle entrate delle quote sociali, dal sostegno da parte di sponsor, da offerte e donazioni. Potete sostenere L\u2019Angolino attraversoun\u2019offerta da versare sul nostro conto per le <span class=\"excerpt-dots\">&hellip;<\/span> <a class=\"more-link\" href=\"https:\/\/langolino-berlin.de\/it\/spenden-und-sponsoring\/\"><span class=\"more-msg\">Continua a leggere &rarr;<\/span><\/a><\/p>\n","protected":false},"author":1,"featured_media":0,"parent":0,"menu_order":0,"comment_status":"closed","ping_status":"closed","template":"","meta":[],"_links":{"self":[{"href":"https:\/\/langolino-berlin.de\/it\/wp-json\/wp\/v2\/pages\/72"}],"collection":[{"href":"https:\/\/langolino-berlin.de\/it\/wp-json\/wp\/v2\/pages"}],"about":[{"href":"https:\/\/langolino-berlin.de\/it\/wp-json\/wp\/v2\/types\/page"}],"author":[{"embeddable":true,"href":"https:\/\/langolino-berlin.de\/it\/wp-json\/wp\/v2\/users\/1"}],"replies":[{"embeddable":true,"href":"https:\/\/langolino-berlin.de\/it\/wp-json\/wp\/v2\/comments?post=72"}],"version-history":[{"count":0,"href":"https:\/\/langolino-berlin.de\/it\/wp-json\/wp\/v2\/pages\/72\/revisions"}],"wp:attachment":[{"href":"https:\/\/langolino-berlin.de\/it\/wp-json\/wp\/v2\/media?parent=72"}],"curies":[{"name":"wp","href":"https:\/\/api.w.org\/{rel}","templated":true}]}}